{"id":1257,"date":"2024-04-25T17:09:19","date_gmt":"2024-04-25T17:09:19","guid":{"rendered":"https:\/\/cstechnology.cz\/?page_id=1257"},"modified":"2025-02-12T13:18:11","modified_gmt":"2025-02-12T13:18:11","slug":"kontakty","status":"publish","type":"page","link":"https:\/\/cstechnology.cz\/index.php\/kontakty\/","title":{"rendered":"Kontakty"},"content":{"rendered":"<p>[et_pb_section fb_built=\u201c1\u201d admin_label=\u201ckontakty\u201d module_id=\u201ckontakt\u201d _builder_version=\u201c4.25.0\u201d use_background_color_gradient=\u201con\u201d background_color_gradient_stops=\u201crgba(27,31,37,0.3) 0%|#1b1f25 100%\u201d background_color_gradient_overlays_image=\u201con\u201d background_color_gradient_start=\u201crgba(27,31,37,0.3)\u201d background_color_gradient_end=\u201c#1b1f25\u201d background_image=\u201chttps:\/\/cstechnology.cz\/wp-content\/uploads\/2023\/02\/Navrh-bez-nazvu-39.png\u201d background_position=\u201ctop_center\u201d custom_padding=\u201c0px||0px||false|false\u201d background_last_edited=\u201con|phone\u201d background_position_phone=\u201ccenter_right\u201d background_horizontal_offset_phone=\u201c53%\u201d saved_tabs=\u201call\u201d global_colors_info=\u201d{}\u201d][et_pb_row column_structure=\u201c1_2,1_2\u201d padding_left_right_link_1=\u201ctrue\u201d _builder_version=\u201c4.25.0\u201d width_tablet=\u201d\u201d width_phone=\u201c90%\u201d width_last_edited=\u201con|phone\u201d custom_padding=\u201c0px||0px||true\u201d animation_style=\u201cslide\u201d animation_direction=\u201cbottom\u201d animation_intensity_slide=\u201c2%\u201d global_colors_info=\u201d{}\u201d][et_pb_column type=\u201c1_2\u201d _builder_version=\u201c4.25.0\u201d background_color=\u201cRGBA(255,255,255,0)\u201d use_background_color_gradient=\u201con\u201d background_color_gradient_direction=\u201c190deg\u201d background_color_gradient_stops=\u201d#014b9c 85%|rgba(255,255,255,0) 85%\u201d background_color_gradient_start=\u201d#c10f1b\u201d background_color_gradient_start_position=\u201c85%\u201d background_color_gradient_end=\u201crgba(255,255,255,0)\u201d background_color_gradient_end_position=\u201c0%\u201d custom_padding=\u201c60px|5%|180px|5%\u201d custom_padding_tablet=\u201d|10%||10%||true\u201d custom_padding_phone=\u201d\u201d custom_padding_last_edited=\u201con|tablet\u201d global_colors_info=\u201d{}\u201d padding_tablet=\u201d|10%||10%||true\u201d padding_last_edited=\u201con|tablet\u201d custom_padding__hover=\u201d|||\u201d padding_phone=\u201d|10%||10%||true\u201d][et_pb_blurb title=\u201cEmail\u201d use_icon=\u201con\u201d font_icon=\u201c\ue076||divi||400\u201d icon_color=\u201d#ffffff\u201d icon_placement=\u201cleft\u201d image_icon_width=\u201c28px\u201d _builder_version=\u201c4.27.4\u201d header_font=\u201cTeko|500|||||||\u201d header_font_size=\u201c28px\u201d header_line_height=\u201c1.2em\u201d body_font=\u201cLato||||||||\u201d body_font_size=\u201c18px\u201d body_line_height=\u201c1.8em\u201d background_layout=\u201cdark\u201d animation_style=\u201czoom\u201d animation_direction=\u201cleft\u201d animation_delay=\u201c200ms\u201d animation_intensity_zoom=\u201c12%\u201d icon_font_size=\u201c28px\u201d global_colors_info=\u201d{}\u201d]<\/p>\n<p>Jednatel spole\u010dnosti:&nbsp;<strong><a href=\"mailto:info@cstechnology.cz\">info@cstechnology.cz<\/a><br><\/strong>Popt\u00e1vky: &nbsp;<strong><a href=\"mailto:Mailto:obchod@cstechnology.cz\">obchod@cstechnology.cz<\/a><\/strong><\/p>\n<p>[\/et_pb_blurb][et_pb_blurb title=\u201cTelefon\u201d use_icon=\u201con\u201d font_icon=\u201c\ue090||divi||400\u201d icon_color=\u201d#ffffff\u201d icon_placement=\u201cleft\u201d image_icon_width=\u201c28px\u201d _builder_version=\u201c4.27.4\u201d header_font=\u201cTeko|500|||||||\u201d header_font_size=\u201c28px\u201d header_line_height=\u201c1.2em\u201d body_font=\u201cLato||||||||\u201d body_font_size=\u201c18px\u201d body_line_height=\u201c1.8em\u201d background_layout=\u201cdark\u201d animation_style=\u201czoom\u201d animation_direction=\u201cleft\u201d animation_delay=\u201c100ms\u201d animation_intensity_zoom=\u201c12%\u201d icon_font_size=\u201c28px\u201d global_colors_info=\u201d{}\u201d]<\/p>\n<p><strong>Jakub \u010cikl<\/strong> (jednatel): <strong><a href=\"tel:+420 733 529 551\">733 529 551<\/a><\/strong><br><strong>Anton\u00edn \u0160ebe\u010dek<\/strong> (jednatel): <span class=\"S1PPyQ\"><strong><a href=\"tel:+420%20731 013 754\">731 013 754<\/a><\/strong><br><strong>Filip Skl\u00e1dal<\/strong> (v\u00fdrobn\u00ed \u0159editel): <strong><a href=\"tel:+420%20605 478 393\">605 478 393<\/a><br>Libor Knopp <\/strong>(technolog): <strong><a href=\"tel:734373339\" target=\"_blank\" rel=\"noopener\">734 373&nbsp;339<\/a><\/strong><\/span><\/p>\n<p>[\/et_pb_blurb][et_pb_blurb title=\u201cFaktura\u010dn\u00ed \u00fadaje\u201d use_icon=\u201con\u201d font_icon=\u201c\uf570||fa||900\u201d icon_color=\u201d#ffffff\u201d icon_placement=\u201cleft\u201d image_icon_width=\u201c28px\u201d _builder_version=\u201c4.20.0\u201d header_font=\u201cTeko|500|||||||\u201d header_font_size=\u201c28px\u201d header_line_height=\u201c1.2em\u201d body_font=\u201cLato||||||||\u201d body_font_size=\u201c18px\u201d body_line_height=\u201c1.8em\u201d background_layout=\u201cdark\u201d animation_style=\u201czoom\u201d animation_direction=\u201cleft\u201d animation_intensity_zoom=\u201c12%\u201d icon_font_size=\u201c28px\u201d global_colors_info=\u201d{}\u201d]<\/p>\n<p>C\u030ciklS\u030cebec\u030cek Technology s.r.o.<br>Polni\u0301 1828\/2, 78501 S\u030cternberk<br>IC\u030c: 14281741, DI\u010c: CZ14281741<\/p>\n<p>[\/et_pb_blurb][et_pb_blurb title=\u201cAdresa\u201d use_icon=\u201con\u201d font_icon=\u201c\ue081||divi||400\u201d icon_color=\u201d#ffffff\u201d icon_placement=\u201cleft\u201d image_icon_width=\u201c28px\u201d _builder_version=\u201c4.27.4\u201d header_font=\u201cTeko|500|||||||\u201d header_font_size=\u201c28px\u201d header_line_height=\u201c1.2em\u201d body_font=\u201cLato||||||||\u201d body_font_size=\u201c18px\u201d body_line_height=\u201c1.8em\u201d background_layout=\u201cdark\u201d custom_margin=\u201d||0px||false|false\u201d custom_padding=\u201d||||false|false\u201d animation_style=\u201czoom\u201d animation_direction=\u201cleft\u201d animation_intensity_zoom=\u201c12%\u201d icon_font_size=\u201c28px\u201d global_colors_info=\u201d{}\u201d]<\/p>\n<p><span class=\"S1PPyQ\"><strong>St\u0159edisko Olomouc:<br><\/strong><\/span><span class=\"OYPEnA font-feature-liga-off font-feature-clig-off font-feature-calt-off text-decoration-none text-strikethrough-none\">Pavelkova 1133\/6, <\/span><span class=\"OYPEnA font-feature-liga-off font-feature-clig-off font-feature-calt-off text-decoration-none text-strikethrough-none\">779 00, Olomouc \u2014 Hodolany<\/span><br><span class=\"OYPEnA font-feature-liga-off font-feature-clig-off font-feature-calt-off text-decoration-none text-strikethrough-none\"><\/span><\/p>\n<p>&nbsp;<\/p>\n<p>[\/et_pb_blurb][et_pb_button button_url=\u201chttps:\/\/www.google.com\/maps\/place\/49\u00b039\u201904.3%22N+17\u00b007\u201946.1%22E\/@49.6511944,17.1272835,17z\/data=!3m1!4b1!4m4!3 m\u00b3!8 m\u00b2!3d49.6511944!4d17.1294722?hl=cs\u201d url_new_window=\u201con\u201d button_text=\u201cgoogle mapy\u201d button_alignment=\u201cleft\u201d button_alignment_tablet=\u201cleft\u201d button_alignment_phone=\u201ccenter\u201d button_alignment_last_edited=\u201con|desktop\u201d _builder_version=\u201c4.27.4\u201d custom_button=\u201con\u201d button_text_size=\u201c17px\u201d button_text_color=\u201c#000000\u201d button_bg_color=\u201c#FCF300\u201d button_border_width=\u201c2px\u201d button_border_color=\u201c#FCF300\u201d button_border_radius=\u201c0px\u201d button_letter_spacing=\u201c2px\u201d button_font=\u201cTeko|700||on|||||\u201d button_icon=\u201c\uf5a0||fa||900\u201d button_on_hover=\u201coff\u201d background_layout=\u201cdark\u201d custom_margin=\u201d|||50px|false|false\u201d custom_padding=\u201d||||false|false\u201d animation_style=\u201cslide\u201d animation_direction=\u201cleft\u201d animation_delay=\u201c100ms\u201d animation_intensity_slide=\u201c20%\u201d button_text_size_tablet=\u201d\u201d button_text_size_phone=\u201c18px\u201d button_text_size_last_edited=\u201con|phone\u201d global_colors_info=\u201d{}\u201d button_text_size__hover_enabled=\u201coff\u201d button_one_text_size__hover_enabled=\u201coff\u201d button_two_text_size__hover_enabled=\u201coff\u201d button_text_color__hover_enabled=\u201coff\u201d button_one_text_color__hover_enabled=\u201coff\u201d button_two_text_color__hover_enabled=\u201coff\u201d button_border_width__hover_enabled=\u201coff\u201d button_one_border_width__hover_enabled=\u201coff\u201d button_two_border_width__hover_enabled=\u201coff\u201d button_border_color__hover_enabled=\u201coff\u201d button_one_border_color__hover_enabled=\u201coff\u201d button_two_border_color__hover_enabled=\u201coff\u201d button_border_radius__hover_enabled=\u201coff\u201d button_one_border_radius__hover_enabled=\u201coff\u201d button_two_border_radius__hover_enabled=\u201coff\u201d button_letter_spacing__hover_enabled=\u201coff\u201d button_one_letter_spacing__hover_enabled=\u201coff\u201d button_two_letter_spacing__hover_enabled=\u201coff\u201d button_bg_color__hover_enabled=\u201coff\u201d button_one_bg_color__hover_enabled=\u201coff\u201d button_two_bg_color__hover_enabled=\u201coff\u201d][\/et_pb_button][et_pb_blurb use_icon=\u201con\u201d font_icon=\u201c\ue081||divi||400\u201d icon_color=\u201d#ffffff\u201d icon_placement=\u201cleft\u201d image_icon_width=\u201c28px\u201d _builder_version=\u201c4.27.4\u201d header_font=\u201cTeko|500|||||||\u201d header_font_size=\u201c28px\u201d header_line_height=\u201c1.2em\u201d body_font=\u201cLato||||||||\u201d body_font_size=\u201c18px\u201d body_line_height=\u201c1.8em\u201d background_layout=\u201cdark\u201d animation_style=\u201czoom\u201d animation_direction=\u201cleft\u201d animation_intensity_zoom=\u201c12%\u201d icon_font_size=\u201c28px\u201d global_colors_info=\u201d{}\u201d]<\/p>\n<p><span class=\"S1PPyQ\"><strong>St\u0159edisko N\u00e1klo:&nbsp;<\/strong><br>N\u00e1klo ev. \u010d. 4, 783&nbsp;32<\/span><\/p>\n<p>[\/et_pb_blurb][et_pb_button button_url=\u201chttps:\/\/www.google.com\/maps\/place\/49\u00b039\u201904.3%22N+17\u00b007\u201946.1%22E\/@49.6511944,17.1272835,17z\/data=!3m1!4b1!4m4!3 m\u00b3!8 m\u00b2!3d49.6511944!4d17.1294722?hl=cs\u201d url_new_window=\u201con\u201d button_text=\u201cgoogle mapy\u201d button_alignment=\u201cleft\u201d button_alignment_tablet=\u201cleft\u201d button_alignment_phone=\u201ccenter\u201d button_alignment_last_edited=\u201con|desktop\u201d _builder_version=\u201c4.27.4\u201d custom_button=\u201con\u201d button_text_size=\u201c17px\u201d button_text_color=\u201c#000000\u201d button_bg_color=\u201c#FCF300\u201d button_border_width=\u201c2px\u201d button_border_color=\u201c#FCF300\u201d button_border_radius=\u201c0px\u201d button_letter_spacing=\u201c2px\u201d button_font=\u201cTeko|700||on|||||\u201d button_icon=\u201c\uf5a0||fa||900\u201d button_on_hover=\u201coff\u201d background_layout=\u201cdark\u201d custom_margin=\u201d|||50px|false|false\u201d custom_padding=\u201d||||false|false\u201d animation_style=\u201cslide\u201d animation_direction=\u201cleft\u201d animation_delay=\u201c100ms\u201d animation_intensity_slide=\u201c20%\u201d button_text_size_tablet=\u201d\u201d button_text_size_phone=\u201c18px\u201d button_text_size_last_edited=\u201con|phone\u201d global_colors_info=\u201d{}\u201d button_text_size__hover_enabled=\u201coff\u201d button_one_text_size__hover_enabled=\u201coff\u201d button_two_text_size__hover_enabled=\u201coff\u201d button_text_color__hover_enabled=\u201coff\u201d button_one_text_color__hover_enabled=\u201coff\u201d button_two_text_color__hover_enabled=\u201coff\u201d button_border_width__hover_enabled=\u201coff\u201d button_one_border_width__hover_enabled=\u201coff\u201d button_two_border_width__hover_enabled=\u201coff\u201d button_border_color__hover_enabled=\u201coff\u201d button_one_border_color__hover_enabled=\u201coff\u201d button_two_border_color__hover_enabled=\u201coff\u201d button_border_radius__hover_enabled=\u201coff\u201d button_one_border_radius__hover_enabled=\u201coff\u201d button_two_border_radius__hover_enabled=\u201coff\u201d button_letter_spacing__hover_enabled=\u201coff\u201d button_one_letter_spacing__hover_enabled=\u201coff\u201d button_two_letter_spacing__hover_enabled=\u201coff\u201d button_bg_color__hover_enabled=\u201coff\u201d button_one_bg_color__hover_enabled=\u201coff\u201d button_two_bg_color__hover_enabled=\u201coff\u201d][\/et_pb_button][\/et_pb_column][et_pb_column type=\u201c1_2\u201d _builder_version=\u201c4.16\u201d custom_padding=\u201c180px|||\u201d custom_padding_tablet=\u201c0px|||\u201d custom_padding_phone=\u201d\u201d custom_padding_last_edited=\u201con|desktop\u201d global_colors_info=\u201d{}\u201d padding_tablet=\u201c0px|||\u201d padding_last_edited=\u201con|desktop\u201d custom_padding__hover=\u201d|||\u201d padding_phone=\u201c0px|||\u201d][et_pb_contact_form email=\u201cobchod@cstechnology.cz\u201d title=\u201cRychl\u00e1 popt\u00e1vka\u201d success_message=\u201cD\u011bkujeme za zpr\u00e1vu. Odpov\u00edme V\u00e1m, co nejd\u0159\u00edve to bude mo\u017en\u00e9. \u201d submit_button_text=\u201cOdeslat\u201d module_id=\u201cformular\u201d _builder_version=\u201c4.27.4\u201d form_field_background_color=\u201d#FFFFFF\u201d form_field_text_color=\u201c#000000\u201d form_field_focus_text_color=\u201c#000000\u201d title_level=\u201ch3\u201d title_font=\u201cTeko|||on|||||\u201d title_text_color=\u201d#ffffff\u201d title_font_size=\u201c80px\u201d title_line_height=\u201c1.2em\u201d captcha_font=\u201cLato||||||||\u201d captcha_text_color=\u201d#FFFFFF\u201d form_field_font=\u201cNunito||||||||\u201d form_field_font_size=\u201c16px\u201d custom_button=\u201con\u201d button_text_color=\u201c#072AC8\u201d button_bg_color=\u201d#ffffff\u201d button_border_width=\u201c5px\u201d button_border_color=\u201d#ffffff\u201d button_border_radius=\u201c0px\u201d button_letter_spacing=\u201c4px\u201d button_font=\u201cTeko|||on|||||\u201d button_icon=\u201c$||divi||400\u201d text_orientation=\u201cleft\u201d border_width_all=\u201c1px\u201d border_color_all=\u201c#E6E6E6\u201d border_style_all=\u201csolid\u201d use_border_color=\u201con\u201d border_color=\u201c#E6E6E6\u201d form_background_color=\u201crgba(0,0,0,0)\u201d locked=\u201coff\u201d global_colors_info=\u201d{}\u201d button_border_width__hover_enabled=\u201con|desktop\u201d button_border_width__hover=\u201c8px\u201d button_border_radius__hover_enabled=\u201con|hover\u201d button_border_radius__hover=\u201c0px\u201d button_text_color__hover_enabled=\u201con|hover\u201d button_text_color__hover=\u201c#000000\u201d button_bg_color__hover_enabled=\u201con|hover\u201d button_bg_color__hover=\u201c#FCF300\u201d button_bg_enable_color__hover=\u201con\u201d button_border_color__hover_enabled=\u201con|hover\u201d button_border_color__hover=\u201c#FCF300\u201d][et_pb_contact_field field_id=\u201d%%Jm\u00e9no%%\u201d field_title=\u201cJm\u00e9no a&nbsp;p\u0159\u00edjmen\u00ed\u201d _builder_version=\u201c4.20.0\u201d form_field_background_color=\u201crgba(255,255,255,0.12)\u201d form_field_text_color=\u201d#FFFFFF\u201d form_field_focus_background_color=\u201crgba(255,255,255,0.12)\u201d form_field_focus_text_color=\u201c#FCF300\u201d form_field_font=\u201cLato||||||||\u201d form_field_line_height=\u201c1.7em\u201d border_width_all=\u201c0px\u201d global_colors_info=\u201d{}\u201d button_text_size__hover_enabled=\u201coff\u201d button_one_text_size__hover_enabled=\u201coff\u201d button_two_text_size__hover_enabled=\u201coff\u201d button_text_color__hover_enabled=\u201coff\u201d button_one_text_color__hover_enabled=\u201coff\u201d button_two_text_color__hover_enabled=\u201coff\u201d button_border_width__hover_enabled=\u201coff\u201d button_one_border_width__hover_enabled=\u201coff\u201d button_two_border_width__hover_enabled=\u201coff\u201d button_border_color__hover_enabled=\u201coff\u201d button_one_border_color__hover_enabled=\u201coff\u201d button_two_border_color__hover_enabled=\u201coff\u201d button_border_radius__hover_enabled=\u201coff\u201d button_one_border_radius__hover_enabled=\u201coff\u201d button_two_border_radius__hover_enabled=\u201coff\u201d button_letter_spacing__hover_enabled=\u201coff\u201d button_one_letter_spacing__hover_enabled=\u201coff\u201d button_two_letter_spacing__hover_enabled=\u201coff\u201d button_bg_color__hover_enabled=\u201coff\u201d button_one_bg_color__hover_enabled=\u201coff\u201d button_two_bg_color__hover_enabled=\u201coff\u201d][\/et_pb_contact_field][et_pb_contact_field field_id=\u201d%%Email%%\u201d field_title=\u201cE\u2011mail\u201d field_type=\u201cemail\u201d _builder_version=\u201c4.20.0\u201d form_field_background_color=\u201crgba(255,255,255,0.12)\u201d form_field_text_color=\u201d#FFFFFF\u201d form_field_focus_background_color=\u201crgba(255,255,255,0.12)\u201d form_field_focus_text_color=\u201c#FCF300\u201d form_field_font=\u201cLato||||||||\u201d form_field_line_height=\u201c1.7em\u201d border_width_all=\u201c0px\u201d global_colors_info=\u201d{}\u201d button_text_size__hover_enabled=\u201coff\u201d button_one_text_size__hover_enabled=\u201coff\u201d button_two_text_size__hover_enabled=\u201coff\u201d button_text_color__hover_enabled=\u201coff\u201d button_one_text_color__hover_enabled=\u201coff\u201d button_two_text_color__hover_enabled=\u201coff\u201d button_border_width__hover_enabled=\u201coff\u201d button_one_border_width__hover_enabled=\u201coff\u201d button_two_border_width__hover_enabled=\u201coff\u201d button_border_color__hover_enabled=\u201coff\u201d button_one_border_color__hover_enabled=\u201coff\u201d button_two_border_color__hover_enabled=\u201coff\u201d button_border_radius__hover_enabled=\u201coff\u201d button_one_border_radius__hover_enabled=\u201coff\u201d button_two_border_radius__hover_enabled=\u201coff\u201d button_letter_spacing__hover_enabled=\u201coff\u201d button_one_letter_spacing__hover_enabled=\u201coff\u201d button_two_letter_spacing__hover_enabled=\u201coff\u201d button_bg_color__hover_enabled=\u201coff\u201d button_one_bg_color__hover_enabled=\u201coff\u201d button_two_bg_color__hover_enabled=\u201coff\u201d][\/et_pb_contact_field][et_pb_contact_field field_id=\u201d%%Va\u0161e_zpr\u00e1va%%\u201d field_title=\u201cVa\u0161e zpr\u00e1va\u201d field_type=\u201ctext\u201d fullwidth_field=\u201con\u201d _builder_version=\u201c4.22.2\u201d form_field_background_color=\u201crgba(255,255,255,0.12)\u201d form_field_text_color=\u201d#FFFFFF\u201d form_field_focus_background_color=\u201crgba(255,255,255,0.12)\u201d form_field_focus_text_color=\u201c#FCF300\u201d form_field_font=\u201cLato||||||||\u201d border_width_all=\u201c0px\u201d global_colors_info=\u201d{}\u201d button_text_size__hover_enabled=\u201coff\u201d button_one_text_size__hover_enabled=\u201coff\u201d button_two_text_size__hover_enabled=\u201coff\u201d button_text_color__hover_enabled=\u201coff\u201d button_one_text_color__hover_enabled=\u201coff\u201d button_two_text_color__hover_enabled=\u201coff\u201d button_border_width__hover_enabled=\u201coff\u201d button_one_border_width__hover_enabled=\u201coff\u201d button_two_border_width__hover_enabled=\u201coff\u201d button_border_color__hover_enabled=\u201coff\u201d button_one_border_color__hover_enabled=\u201coff\u201d button_two_border_color__hover_enabled=\u201coff\u201d button_border_radius__hover_enabled=\u201coff\u201d button_one_border_radius__hover_enabled=\u201coff\u201d button_two_border_radius__hover_enabled=\u201coff\u201d button_letter_spacing__hover_enabled=\u201coff\u201d button_one_letter_spacing__hover_enabled=\u201coff\u201d button_two_letter_spacing__hover_enabled=\u201coff\u201d button_bg_color__hover_enabled=\u201coff\u201d button_one_bg_color__hover_enabled=\u201coff\u201d button_two_bg_color__hover_enabled=\u201coff\u201d][\/et_pb_contact_field][\/et_pb_contact_form][et_pb_text _builder_version=\u201c4.25.0\u201d _module_preset=\u201cdefault\u201d text_font=\u201cLato||||||||\u201d text_text_color=\u201c#D6D6D6\u201d text_font_size=\u201c16px\u201d global_colors_info=\u201d{}\u201d]<\/p>\n<p><span><\/span>Kontaktn\u00ed \u00fadaje slou\u017e\u00ed pouze pro zpracov\u00e1n\u00ed va\u0161eho dotazu a&nbsp;nebudou pro \u017e\u00e1dn\u00e9 dal\u0161\u00ed \u00fac\u030cely pou\u017eity.<\/p>\n<p>[\/et_pb_text][\/et_pb_column][\/et_pb_row][\/et_pb_section]<\/p>\n","protected":false},"excerpt":{"rendered":"<p>Jednatel spole\u010dnosti:&nbsp;info@cstechnology.czPopt\u00e1vky: &nbsp;obchod@cstechnology.czJakub \u010cikl (jednatel): 733 529 551Anton\u00edn \u0160ebe\u010dek (jednatel): 731 013 754Filip Skl\u00e1dal (v\u00fdrobn\u00ed \u0159editel): 605 478 393Libor Knopp (technolog): 734 373 339C\u030ciklS\u030cebec\u030cek Technology s.r.o.Polni\u0301 1828\/2, 78501 S\u030cternberkIC\u030c: 14281741, DI\u010c: CZ14281741St\u0159edisko Olomouc:Pavelkova 1133\/6, 779 00, Olomouc \u2014 Hodolany &nbsp;St\u0159edisko N\u00e1klo:&nbsp;N\u00e1klo ev. \u010d. 4, 783 32Kontaktn\u00ed \u00fadaje slou\u017e\u00ed pouze pro zpracov\u00e1n\u00ed va\u0161eho dotazu a&nbsp;nebudou&nbsp;[\u2026]<\/p>\n","protected":false},"author":1,"featured_media":0,"parent":0,"menu_order":0,"comment_status":"closed","ping_status":"closed","template":"","meta":{"_et_pb_use_builder":"on","_et_pb_old_content":"<!-- wp:divi\/placeholder \/-->","_et_gb_content_width":"","wp_typography_post_enhancements_disabled":false,"footnotes":""},"class_list":["post-1257","page","type-page","status-publish","hentry"],"_links":{"self":[{"href":"https:\/\/cstechnology.cz\/index.php\/wp-json\/wp\/v2\/pages\/1257","targetHints":{"allow":["GET"]}}],"collection":[{"href":"https:\/\/cstechnology.cz\/index.php\/wp-json\/wp\/v2\/pages"}],"about":[{"href":"https:\/\/cstechnology.cz\/index.php\/wp-json\/wp\/v2\/types\/page"}],"author":[{"embeddable":true,"href":"https:\/\/cstechnology.cz\/index.php\/wp-json\/wp\/v2\/users\/1"}],"replies":[{"embeddable":true,"href":"https:\/\/cstechnology.cz\/index.php\/wp-json\/wp\/v2\/comments?post=1257"}],"version-history":[{"count":10,"href":"https:\/\/cstechnology.cz\/index.php\/wp-json\/wp\/v2\/pages\/1257\/revisions"}],"predecessor-version":[{"id":1577,"href":"https:\/\/cstechnology.cz\/index.php\/wp-json\/wp\/v2\/pages\/1257\/revisions\/1577"}],"wp:attachment":[{"href":"https:\/\/cstechnology.cz\/index.php\/wp-json\/wp\/v2\/media?parent=1257"}],"curies":[{"name":"wp","href":"https:\/\/api.w.org\/{rel}","templated":true}]}}