{"id":1255,"date":"2024-04-25T17:09:01","date_gmt":"2024-04-25T17:09:01","guid":{"rendered":"https:\/\/cstechnology.cz\/?page_id=1255"},"modified":"2024-04-25T17:09:02","modified_gmt":"2024-04-25T17:09:02","slug":"laserove-paleni-3d-profilu","status":"publish","type":"page","link":"https:\/\/cstechnology.cz\/index.php\/laserove-paleni-3d-profilu\/","title":{"rendered":"Laserov\u00e9 p\u00e1len\u00ed 3D profil\u016f"},"content":{"rendered":"","protected":false},"excerpt":{"rendered":"","protected":false},"author":1,"featured_media":0,"parent":0,"menu_order":0,"comment_status":"closed","ping_status":"closed","template":"","meta":{"_et_pb_use_builder":"","_et_pb_old_content":"","_et_gb_content_width":"","wp_typography_post_enhancements_disabled":false,"footnotes":""},"class_list":["post-1255","page","type-page","status-publish","hentry"],"_links":{"self":[{"href":"https:\/\/cstechnology.cz\/index.php\/wp-json\/wp\/v2\/pages\/1255","targetHints":{"allow":["GET"]}}],"collection":[{"href":"https:\/\/cstechnology.cz\/index.php\/wp-json\/wp\/v2\/pages"}],"about":[{"href":"https:\/\/cstechnology.cz\/index.php\/wp-json\/wp\/v2\/types\/page"}],"author":[{"embeddable":true,"href":"https:\/\/cstechnology.cz\/index.php\/wp-json\/wp\/v2\/users\/1"}],"replies":[{"embeddable":true,"href":"https:\/\/cstechnology.cz\/index.php\/wp-json\/wp\/v2\/comments?post=1255"}],"version-history":[{"count":0,"href":"https:\/\/cstechnology.cz\/index.php\/wp-json\/wp\/v2\/pages\/1255\/revisions"}],"wp:attachment":[{"href":"https:\/\/cstechnology.cz\/index.php\/wp-json\/wp\/v2\/media?parent=1255"}],"curies":[{"name":"wp","href":"https:\/\/api.w.org\/{rel}","templated":true}]}}