{"id":1180,"date":"2024-04-25T14:59:42","date_gmt":"2024-04-25T14:59:42","guid":{"rendered":"https:\/\/cstechnology.cz\/?page_id=1180"},"modified":"2025-02-12T13:23:49","modified_gmt":"2025-02-12T13:23:49","slug":"certifikace","status":"publish","type":"page","link":"https:\/\/cstechnology.cz\/index.php\/certifikace\/","title":{"rendered":"Certifikace"},"content":{"rendered":"<p>[et_pb_section fb_built=\u201c1\u201d custom_padding_last_edited=\u201con|desktop\u201d _builder_version=\u201c4.25.0\u201d _module_preset=\u201cdefault\u201d background_color=\u201c#f2f2f2\u201d background_enable_image=\u201coff\u201d custom_margin=\u201c0px||||false|false\u201d custom_margin_tablet=\u201c0px||||false|false\u201d custom_margin_phone=\u201c0px||||false|false\u201d custom_margin_last_edited=\u201con|tablet\u201d custom_padding=\u201c80px||||false|false\u201d custom_padding_tablet=\u201c0px||||false|false\u201d custom_padding_phone=\u201c0px||||false|false\u201d global_colors_info=\u201d{}\u201d][et_pb_row _builder_version=\u201c4.27.4\u201d _module_preset=\u201cdefault\u201d custom_margin=\u201c0px||0px||false|false\u201d custom_padding=\u201c0px||0px||false|false\u201d animation_style=\u201cfade\u201d animation_delay=\u201c500ms\u201d animation_speed_curve=\u201cease\u201d global_colors_info=\u201d{}\u201d][et_pb_column type=\u201c4_4\u201d _builder_version=\u201c4.24.2\u201d _module_preset=\u201cdefault\u201d custom_padding=\u201d|||12px|false|false\u201d custom_padding_tablet=\u201c70px|||0px|false|false\u201d custom_padding_phone=\u201c55px||||false|false\u201d custom_padding_last_edited=\u201con|tablet\u201d custom_css_main_element=\u201cmargin:auto;\u201d global_colors_info=\u201d{}\u201d][et_pb_text _builder_version=\u201c4.25.0\u201d text_font=\u201cLato||||||||\u201d text_font_size=\u201c20px\u201d text_line_height=\u201c1.8em\u201d header_font=\u201d||||||||\u201d header_2_font=\u201cTeko|||on|||||\u201d header_2_font_size=\u201c80px\u201d text_orientation=\u201ccenter\u201d module_alignment=\u201cleft\u201d custom_margin=\u201d||0px|\u201d text_font_size_tablet=\u201c18px\u201d text_font_size_phone=\u201c18px\u201d text_font_size_last_edited=\u201con|phone\u201d header_2_font_size_tablet=\u201c66px\u201d header_2_font_size_phone=\u201c36px\u201d header_2_font_size_last_edited=\u201con|phone\u201d locked=\u201coff\u201d global_colors_info=\u201d{}\u201d]<\/p>\n<h2 style=\"text-align: left;\">certifikace wpqr<\/h2>\n<p>[\/et_pb_text][et_pb_text _builder_version=\u201c4.25.0\u201d _module_preset=\u201cdefault\u201d text_font=\u201d\u2013et_global_heading_font|600|||||||\u201d text_text_color=\u201d#014b9c\u201d text_font_size=\u201c21px\u201d text_letter_spacing=\u201c0.4px\u201d text_line_height=\u201c1.6em\u201d custom_margin=\u201c0px||12px||false|false\u201d custom_padding=\u201c0px||0px||false|false\u201d global_colors_info=\u201d{}\u201d]<\/p>\n<p><span>Jsme certifikovanou firmou na sva\u0159ov\u00e1n\u00ed \u017eelezn\u00fdch a&nbsp;nerezov\u00fdch konstrukc\u00ed.<br><\/span><\/p>\n<p>[\/et_pb_text][et_pb_text _builder_version=\u201c4.25.0\u201d _module_preset=\u201cdefault\u201d text_font=\u201cManrope||||||||\u201d text_text_color=\u201c#6b6e71\u201d text_line_height=\u201c1.6em\u201d custom_margin=\u201c0px||35px||false|false\u201d custom_padding=\u201c0px||0px||false|false\u201d global_colors_info=\u201d{}\u201d]<\/p>\n<p><span>Vlastn\u00edme certifikace <strong>WPQR<\/strong> (<em>Welding Procedure Qualification Record<\/em>) vyd\u00e1van\u00e9 \u010cesk\u00fdm sv\u00e1\u0159e\u010dsk\u00fdm \u00fastavem, s.r.o. <\/span><span>Certifikace jsou kl\u00ed\u010dov\u00fdm prvkem pro <strong>zaji\u0161t\u011bn\u00ed kvality sva\u0159ovan\u00fdch v\u00fdrobk\u016f<\/strong>.&nbsp;<\/span><\/p>\n<p>Aktu\u00e1ln\u011b vlastn\u00edme ceritikace dle&nbsp;normy:<\/p>\n<p>[\/et_pb_text][et_pb_blurb title=\u201cEN ISO 15614\u20131\u201d use_icon=\u201con\u201d font_icon=\u201c\uf5bf||fa||900\u201d icon_color=\u201c#000000\u201d icon_placement=\u201cleft\u201d image_icon_width=\u201c40px\u201d _builder_version=\u201c4.25.0\u201d _module_preset=\u201cdefault\u201d header_level=\u201ch5\u201d header_font=\u201d\u2013et_global_heading_font|600|||||||\u201d header_text_align=\u201cleft\u201d header_text_color=\u201d#014b9c\u201d header_font_size=\u201c21px\u201d header_letter_spacing=\u201c0.4px\u201d header_line_height=\u201c1.2em\u201d image_icon_custom_margin=\u201c0px|7px|0px|0px|false|false\u201d image_icon_custom_padding=\u201c0px||0px||false|false\u201d width=\u201c50%\u201d width_tablet=\u201c50%\u201d width_phone=\u201c100%\u201d width_last_edited=\u201con|tablet\u201d max_width=\u201c50%\u201d max_width_tablet=\u201c250px\u201d max_width_phone=\u201c250px\u201d max_width_last_edited=\u201con|desktop\u201d custom_margin=\u201c0px||0px||false|false\u201d custom_margin_tablet=\u201c0px||0px||false|false\u201d custom_margin_phone=\u201c0px||25px||false|false\u201d custom_margin_last_edited=\u201con|phone\u201d custom_padding=\u201c0px|30px|0px|0px|false|false\u201d animation=\u201coff\u201d custom_css_main_element=\u201cdisplay:inline-block;\u201d custom_css_blurb_title=\u201cmargin-top:5px;\u201d custom_css_blurb_content=\u201cmargin:0px;\u201d border_width_right=\u201c1px\u201d border_color_right=\u201d#d2d6db\u201d border_width_right_tablet=\u201c1px\u201d border_width_right_phone=\u201c0px\u201d border_width_right_last_edited=\u201con|phone\u201d global_colors_info=\u201d{}\u201d][\/et_pb_blurb][et_pb_blurb title=\u201cEN ISO 9001\u201d use_icon=\u201con\u201d font_icon=\u201c\uf5bf||fa||900\u201d icon_color=\u201c#000000\u201d icon_placement=\u201cleft\u201d image_icon_width=\u201c40px\u201d _builder_version=\u201c4.27.4\u201d _module_preset=\u201cdefault\u201d header_level=\u201ch5\u201d header_font=\u201d\u2013et_global_heading_font|600|||||||\u201d header_text_align=\u201cleft\u201d header_text_color=\u201d#014b9c\u201d header_font_size=\u201c21px\u201d header_letter_spacing=\u201c0.4px\u201d header_line_height=\u201c1.2em\u201d image_icon_custom_margin=\u201c0px|7px|0px|0px|false|false\u201d image_icon_custom_padding=\u201c0px||0px||false|false\u201d width=\u201c50%\u201d width_tablet=\u201c50%\u201d width_phone=\u201c100%\u201d width_last_edited=\u201con|tablet\u201d max_width=\u201c50%\u201d max_width_tablet=\u201c250px\u201d max_width_phone=\u201c250px\u201d max_width_last_edited=\u201con|desktop\u201d custom_margin=\u201c0px||0px||false|false\u201d custom_margin_tablet=\u201c0px||0px||false|false\u201d custom_margin_phone=\u201c0px||25px||false|false\u201d custom_margin_last_edited=\u201con|phone\u201d custom_padding=\u201c0px|30px|0px|0px|false|false\u201d animation=\u201coff\u201d custom_css_main_element=\u201cdisplay:inline-block;\u201d custom_css_blurb_title=\u201cmargin-top:5px;\u201d custom_css_blurb_content=\u201cmargin:0px;\u201d border_width_right=\u201c1px\u201d border_color_right=\u201d#d2d6db\u201d border_width_right_tablet=\u201c1px\u201d border_width_right_phone=\u201c0px\u201d border_width_right_last_edited=\u201con|phone\u201d global_colors_info=\u201d{}\u201d][\/et_pb_blurb][\/et_pb_column][\/et_pb_row][et_pb_row _builder_version=\u201c4.27.4\u201d _module_preset=\u201cdefault\u201d global_colors_info=\u201d{}\u201d][et_pb_column type=\u201c4_4\u201d _builder_version=\u201c4.27.4\u201d _module_preset=\u201cdefault\u201d global_colors_info=\u201d{}\u201d][dipl_masonry_gallery image_ids=\u201c1189,1188,1558\u201d number_of_columns=\u201c3\u201d image_size=\u201clarge\u201d enable_lightbox=\u201con\u201d enable_overlay=\u201con\u201d overlay_icon=\u201c0||divi||400\u201d overlay_icon_size=\u201c71px\u201d overlay_icon_color=\u201c#FCF300\u201d overlay_color=\u201crgba(0,29,61,0.14)\u201d _builder_version=\u201c4.27.4\u201d _module_preset=\u201cdefault\u201d custom_margin=\u201c40px||||false|false\u201d global_colors_info=\u201d{}\u201d][\/dipl_masonry_gallery][\/et_pb_column][\/et_pb_row][\/et_pb_section][et_pb_section fb_built=\u201c1\u201d admin_label=\u201ckontakty\u201d module_id=\u201ckontakt\u201d _builder_version=\u201c4.25.0\u201d background_color=\u201cRGBA(255,255,255,0)\u201d use_background_color_gradient=\u201con\u201d background_color_gradient_stops=\u201crgba(27,31,37,0.3) 0%|#1b1f25 100%\u201d background_color_gradient_overlays_image=\u201con\u201d background_color_gradient_start=\u201crgba(27,31,37,0.3)\u201d background_color_gradient_end=\u201c#1b1f25\u201d background_image=\u201chttps:\/\/cstechnology.cz\/wp-content\/uploads\/2023\/02\/Navrh-bez-nazvu-39.png\u201d custom_padding=\u201c0px||0px||false|false\u201d background_last_edited=\u201con|phone\u201d background_position_phone=\u201ccenter_right\u201d background_horizontal_offset_phone=\u201c53%\u201d box_shadow_style=\u201cpreset7\u201d box_shadow_horizontal=\u201c0px\u201d box_shadow_vertical=\u201c100px\u201d box_shadow_color=\u201c#f2f2f2\u201d saved_tabs=\u201call\u201d locked=\u201coff\u201d global_colors_info=\u201d{}\u201d][et_pb_row column_structure=\u201c1_2,1_2\u201d padding_left_right_link_1=\u201ctrue\u201d _builder_version=\u201c4.25.0\u201d width_tablet=\u201d\u201d width_phone=\u201c90%\u201d width_last_edited=\u201con|phone\u201d custom_padding=\u201c0px||0px||true\u201d animation_style=\u201cslide\u201d animation_direction=\u201cbottom\u201d animation_intensity_slide=\u201c2%\u201d global_colors_info=\u201d{}\u201d][et_pb_column type=\u201c1_2\u201d _builder_version=\u201c4.25.0\u201d background_color=\u201cRGBA(255,255,255,0)\u201d use_background_color_gradient=\u201con\u201d background_color_gradient_direction=\u201c190deg\u201d background_color_gradient_stops=\u201d#014b9c 85%|rgba(255,255,255,0) 85%\u201d background_color_gradient_start=\u201d#c10f1b\u201d background_color_gradient_start_position=\u201c85%\u201d background_color_gradient_end=\u201crgba(255,255,255,0)\u201d background_color_gradient_end_position=\u201c0%\u201d custom_padding=\u201c60px|5%|180px|5%\u201d custom_padding_tablet=\u201d|10%||10%||true\u201d custom_padding_phone=\u201d\u201d custom_padding_last_edited=\u201con|tablet\u201d global_colors_info=\u201d{}\u201d padding_tablet=\u201d|10%||10%||true\u201d padding_last_edited=\u201con|tablet\u201d custom_padding__hover=\u201d|||\u201d padding_phone=\u201d|10%||10%||true\u201d][et_pb_blurb title=\u201cEmail\u201d use_icon=\u201con\u201d font_icon=\u201c\ue076||divi||400\u201d icon_color=\u201d#ffffff\u201d icon_placement=\u201cleft\u201d image_icon_width=\u201c28px\u201d _builder_version=\u201c4.27.4\u201d header_font=\u201cTeko|500|||||||\u201d header_font_size=\u201c28px\u201d header_line_height=\u201c1.2em\u201d body_font=\u201cLato||||||||\u201d body_font_size=\u201c18px\u201d body_line_height=\u201c1.8em\u201d background_layout=\u201cdark\u201d animation_style=\u201czoom\u201d animation_direction=\u201cleft\u201d animation_delay=\u201c200ms\u201d animation_intensity_zoom=\u201c12%\u201d icon_font_size=\u201c28px\u201d global_colors_info=\u201d{}\u201d]<\/p>\n<p>Jednatel spole\u010dnosti:&nbsp;<strong><a href=\"mailto:info@cstechnology.cz\">info@cstechnology.cz<\/a><br><\/strong>Popt\u00e1vky: &nbsp;<strong><a href=\"mailto:Mailto:obchod@cstechnology.cz\">obchod@cstechnology.cz<\/a><\/strong><\/p>\n<p>[\/et_pb_blurb][et_pb_blurb title=\u201cTelefon\u201d use_icon=\u201con\u201d font_icon=\u201c\ue090||divi||400\u201d icon_color=\u201d#ffffff\u201d icon_placement=\u201cleft\u201d image_icon_width=\u201c28px\u201d _builder_version=\u201c4.27.4\u201d header_font=\u201cTeko|500|||||||\u201d header_font_size=\u201c28px\u201d header_line_height=\u201c1.2em\u201d body_font=\u201cLato||||||||\u201d body_font_size=\u201c18px\u201d body_line_height=\u201c1.8em\u201d background_layout=\u201cdark\u201d animation_style=\u201czoom\u201d animation_direction=\u201cleft\u201d animation_delay=\u201c100ms\u201d animation_intensity_zoom=\u201c12%\u201d icon_font_size=\u201c28px\u201d global_colors_info=\u201d{}\u201d]<\/p>\n<p><strong>Jakub \u010cikl<\/strong> (jednatel): <strong><a href=\"tel:+420 733 529 551\">733 529 551<\/a><\/strong><br><strong>Anton\u00edn \u0160ebe\u010dek<\/strong> (jednatel): <span class=\"S1PPyQ\"><strong><a href=\"tel:+420%20731 013 754\">731 013 754<\/a><\/strong><br><strong>Filip Skl\u00e1dal<\/strong> (v\u00fdrobn\u00ed \u0159editel): <strong><a href=\"tel:+420%20605 478 393\">605 478 393<\/a><br>Libor Knopp <\/strong>(technolog): <strong><a href=\"tel:734373339\" target=\"_blank\" rel=\"noopener\">734 373&nbsp;339<\/a><\/strong><\/span><\/p>\n<p>[\/et_pb_blurb][\/et_pb_column][et_pb_column type=\u201c1_2\u201d _builder_version=\u201c4.16\u201d custom_padding=\u201c180px|||\u201d custom_padding_tablet=\u201c0px|||\u201d custom_padding_phone=\u201d\u201d custom_padding_last_edited=\u201con|desktop\u201d global_colors_info=\u201d{}\u201d padding_tablet=\u201c0px|||\u201d padding_last_edited=\u201con|desktop\u201d custom_padding__hover=\u201d|||\u201d padding_phone=\u201c0px|||\u201d][et_pb_contact_form email=\u201cobchod@cstechnology.cz\u201d title=\u201cRychl\u00e1 popt\u00e1vka\u201d success_message=\u201cD\u011bkujeme za zpr\u00e1vu. Odpov\u00edme V\u00e1m, co nejd\u0159\u00edve to bude mo\u017en\u00e9. \u201d submit_button_text=\u201cOdeslat\u201d module_id=\u201cformular\u201d _builder_version=\u201c4.27.4\u201d form_field_background_color=\u201d#FFFFFF\u201d form_field_text_color=\u201c#000000\u201d form_field_focus_text_color=\u201c#000000\u201d title_level=\u201ch3\u201d title_font=\u201cTeko|||on|||||\u201d title_text_color=\u201d#ffffff\u201d title_font_size=\u201c80px\u201d title_line_height=\u201c1.2em\u201d captcha_font=\u201cLato||||||||\u201d captcha_text_color=\u201d#FFFFFF\u201d form_field_font=\u201cNunito||||||||\u201d form_field_font_size=\u201c16px\u201d custom_button=\u201con\u201d button_text_color=\u201c#072AC8\u201d button_bg_color=\u201d#ffffff\u201d button_border_width=\u201c5px\u201d button_border_color=\u201d#ffffff\u201d button_border_radius=\u201c0px\u201d button_letter_spacing=\u201c4px\u201d button_font=\u201cTeko|||on|||||\u201d button_icon=\u201c$||divi||400\u201d text_orientation=\u201cleft\u201d border_width_all=\u201c1px\u201d border_color_all=\u201c#E6E6E6\u201d border_style_all=\u201csolid\u201d use_border_color=\u201con\u201d border_color=\u201c#E6E6E6\u201d form_background_color=\u201crgba(0,0,0,0)\u201d locked=\u201coff\u201d global_colors_info=\u201d{}\u201d button_border_width__hover_enabled=\u201con|desktop\u201d button_border_width__hover=\u201c8px\u201d button_border_radius__hover_enabled=\u201con|hover\u201d button_border_radius__hover=\u201c0px\u201d button_text_color__hover_enabled=\u201con|hover\u201d button_text_color__hover=\u201c#000000\u201d button_bg_color__hover_enabled=\u201con|hover\u201d button_bg_color__hover=\u201c#FCF300\u201d button_bg_enable_color__hover=\u201con\u201d button_border_color__hover_enabled=\u201con|hover\u201d button_border_color__hover=\u201c#FCF300\u201d][et_pb_contact_field field_id=\u201d%%Jm\u00e9no%%\u201d field_title=\u201cJm\u00e9no a&nbsp;p\u0159\u00edjmen\u00ed\u201d _builder_version=\u201c4.20.0\u201d form_field_background_color=\u201crgba(255,255,255,0.12)\u201d form_field_text_color=\u201d#FFFFFF\u201d form_field_focus_background_color=\u201crgba(255,255,255,0.12)\u201d form_field_focus_text_color=\u201c#FCF300\u201d form_field_font=\u201cLato||||||||\u201d form_field_line_height=\u201c1.7em\u201d border_width_all=\u201c0px\u201d global_colors_info=\u201d{}\u201d button_text_size__hover_enabled=\u201coff\u201d button_one_text_size__hover_enabled=\u201coff\u201d button_two_text_size__hover_enabled=\u201coff\u201d button_text_color__hover_enabled=\u201coff\u201d button_one_text_color__hover_enabled=\u201coff\u201d button_two_text_color__hover_enabled=\u201coff\u201d button_border_width__hover_enabled=\u201coff\u201d button_one_border_width__hover_enabled=\u201coff\u201d button_two_border_width__hover_enabled=\u201coff\u201d button_border_color__hover_enabled=\u201coff\u201d button_one_border_color__hover_enabled=\u201coff\u201d button_two_border_color__hover_enabled=\u201coff\u201d button_border_radius__hover_enabled=\u201coff\u201d button_one_border_radius__hover_enabled=\u201coff\u201d button_two_border_radius__hover_enabled=\u201coff\u201d button_letter_spacing__hover_enabled=\u201coff\u201d button_one_letter_spacing__hover_enabled=\u201coff\u201d button_two_letter_spacing__hover_enabled=\u201coff\u201d button_bg_color__hover_enabled=\u201coff\u201d button_one_bg_color__hover_enabled=\u201coff\u201d button_two_bg_color__hover_enabled=\u201coff\u201d][\/et_pb_contact_field][et_pb_contact_field field_id=\u201d%%Email%%\u201d field_title=\u201cE\u2011mail\u201d field_type=\u201cemail\u201d _builder_version=\u201c4.20.0\u201d form_field_background_color=\u201crgba(255,255,255,0.12)\u201d form_field_text_color=\u201d#FFFFFF\u201d form_field_focus_background_color=\u201crgba(255,255,255,0.12)\u201d form_field_focus_text_color=\u201c#FCF300\u201d form_field_font=\u201cLato||||||||\u201d form_field_line_height=\u201c1.7em\u201d border_width_all=\u201c0px\u201d global_colors_info=\u201d{}\u201d button_text_size__hover_enabled=\u201coff\u201d button_one_text_size__hover_enabled=\u201coff\u201d button_two_text_size__hover_enabled=\u201coff\u201d button_text_color__hover_enabled=\u201coff\u201d button_one_text_color__hover_enabled=\u201coff\u201d button_two_text_color__hover_enabled=\u201coff\u201d button_border_width__hover_enabled=\u201coff\u201d button_one_border_width__hover_enabled=\u201coff\u201d button_two_border_width__hover_enabled=\u201coff\u201d button_border_color__hover_enabled=\u201coff\u201d button_one_border_color__hover_enabled=\u201coff\u201d button_two_border_color__hover_enabled=\u201coff\u201d button_border_radius__hover_enabled=\u201coff\u201d button_one_border_radius__hover_enabled=\u201coff\u201d button_two_border_radius__hover_enabled=\u201coff\u201d button_letter_spacing__hover_enabled=\u201coff\u201d button_one_letter_spacing__hover_enabled=\u201coff\u201d button_two_letter_spacing__hover_enabled=\u201coff\u201d button_bg_color__hover_enabled=\u201coff\u201d button_one_bg_color__hover_enabled=\u201coff\u201d button_two_bg_color__hover_enabled=\u201coff\u201d][\/et_pb_contact_field][et_pb_contact_field field_id=\u201d%%Va\u0161e_zpr\u00e1va%%\u201d field_title=\u201cVa\u0161e zpr\u00e1va\u201d field_type=\u201ctext\u201d fullwidth_field=\u201con\u201d _builder_version=\u201c4.22.2\u201d form_field_background_color=\u201crgba(255,255,255,0.12)\u201d form_field_text_color=\u201d#FFFFFF\u201d form_field_focus_background_color=\u201crgba(255,255,255,0.12)\u201d form_field_focus_text_color=\u201c#FCF300\u201d form_field_font=\u201cLato||||||||\u201d border_width_all=\u201c0px\u201d global_colors_info=\u201d{}\u201d button_text_size__hover_enabled=\u201coff\u201d button_one_text_size__hover_enabled=\u201coff\u201d button_two_text_size__hover_enabled=\u201coff\u201d button_text_color__hover_enabled=\u201coff\u201d button_one_text_color__hover_enabled=\u201coff\u201d button_two_text_color__hover_enabled=\u201coff\u201d button_border_width__hover_enabled=\u201coff\u201d button_one_border_width__hover_enabled=\u201coff\u201d button_two_border_width__hover_enabled=\u201coff\u201d button_border_color__hover_enabled=\u201coff\u201d button_one_border_color__hover_enabled=\u201coff\u201d button_two_border_color__hover_enabled=\u201coff\u201d button_border_radius__hover_enabled=\u201coff\u201d button_one_border_radius__hover_enabled=\u201coff\u201d button_two_border_radius__hover_enabled=\u201coff\u201d button_letter_spacing__hover_enabled=\u201coff\u201d button_one_letter_spacing__hover_enabled=\u201coff\u201d button_two_letter_spacing__hover_enabled=\u201coff\u201d button_bg_color__hover_enabled=\u201coff\u201d button_one_bg_color__hover_enabled=\u201coff\u201d button_two_bg_color__hover_enabled=\u201coff\u201d][\/et_pb_contact_field][\/et_pb_contact_form][et_pb_text _builder_version=\u201c4.25.0\u201d _module_preset=\u201cdefault\u201d text_font=\u201cLato||||||||\u201d text_text_color=\u201c#D6D6D6\u201d text_font_size=\u201c16px\u201d global_colors_info=\u201d{}\u201d]<\/p>\n<p><span><\/span>Kontaktn\u00ed \u00fadaje slou\u017e\u00ed pouze pro zpracov\u00e1n\u00ed va\u0161eho dotazu a&nbsp;nebudou pro \u017e\u00e1dn\u00e9 dal\u0161\u00ed \u00fac\u030cely pou\u017eity.<\/p>\n<p>[\/et_pb_text][\/et_pb_column][\/et_pb_row][\/et_pb_section]<\/p>\n","protected":false},"excerpt":{"rendered":"<p>certifikace wpqrJsme certifikovanou firmou na sva\u0159ov\u00e1n\u00ed \u017eelezn\u00fdch a&nbsp;nerezov\u00fdch konstrukc\u00ed.Vlastn\u00edme certifikace WPQR (Welding Procedure Qualification Record) vyd\u00e1van\u00e9 \u010cesk\u00fdm sv\u00e1\u0159e\u010dsk\u00fdm \u00fastavem, s.r.o. Certifikace jsou kl\u00ed\u010dov\u00fdm prvkem pro zaji\u0161t\u011bn\u00ed kvality sva\u0159ovan\u00fdch v\u00fdrobk\u016f.&nbsp; Aktu\u00e1ln\u011b vlastn\u00edme ceritikace dle&nbsp;normy:<\/p><div class=\"et_pb_module dipl_masonry_gallery dipl_masonry_gallery_0\">\n\t\t\t\t\n\t\t\t\t\n\t\t\t\t\n\t\t\t\t\n\t\t\t\t\n\t\t\t\t\n\t\t\t\t<div class=\"et_pb_module_inner\">\n\t\t\t\t\t<div class=\"dipl_masonry_gallery_wrapper\">\n\t\t\t\t<div class=\"dipl_masonry_gallery_item_gutter\"><\/div>\n\t\t\t\t<a href=\"https:\/\/cstechnology.cz\/wp-content\/uploads\/2024\/04\/02.jpg\" class=\"dipl_masonry_gallery_item\">\n\t\t\t\t\t\t<div class=\"dipl_masonry_gallery_image_wrapper\"><img width=\"1\" height=\"1\" src=\"https:\/\/cstechnology.cz\/wp-content\/uploads\/2024\/04\/02.jpg\" class=\"attachment-large size-large no-lazyload skip-lazy\" alt decoding=\"async\" loading=\"lazy\"> <span class=\"et_overlay et_pb_inline_icon\" data-icon=\"0\"><\/span><\/div>\n\t\t\t\t\t\t\n\t\t\t\t\t<\/a><a href=\"https:\/\/cstechnology.cz\/wp-content\/uploads\/2024\/04\/01.jpg\" class=\"dipl_masonry_gallery_item\">\n\t\t\t\t\t\t<div class=\"dipl_masonry_gallery_image_wrapper\"><img width=\"1\" height=\"1\" src=\"https:\/\/cstechnology.cz\/wp-content\/uploads\/2024\/04\/01.jpg\" class=\"attachment-large size-large no-lazyload skip-lazy\" alt decoding=\"async\" loading=\"lazy\"> <span class=\"et_overlay et_pb_inline_icon\" data-icon=\"0\"><\/span><\/div>\n\t\t\t\t\t\t\n\t\t\t\t\t<\/a><a href=\"https:\/\/cstechnology.cz\/wp-content\/uploads\/2025\/01\/Osvedceni-QWS-CIKL-SEBECEK-TECHNOLOGY.pdf\" class=\"dipl_masonry_gallery_item\">\n\t\t\t\t\t\t<div class=\"dipl_masonry_gallery_image_wrapper\"><img width=\"725\" height=\"1024\" src=\"https:\/\/cstechnology.cz\/wp-content\/uploads\/2025\/01\/Osvedceni-QWS-CIKL-SEBECEK-TECHNOLOGY-pdf-725x1024.jpg\" class=\"attachment-large size-large no-lazyload skip-lazy\" alt decoding=\"async\" loading=\"lazy\"> <span class=\"et_overlay et_pb_inline_icon\" data-icon=\"0\"><\/span><\/div>\n\t\t\t\t\t\t\n\t\t\t\t\t<\/a>\n\t\t\t<\/div>\n\t\t\t\t<\/div>\n\t\t\t<\/div>Jednatel spole\u010dnosti:&nbsp;info@cstechnology.czPopt\u00e1vky: &nbsp;obchod@cstechnology.czJakub \u010cikl (jednatel): 733 529 551Anton\u00edn&nbsp;[\u2026]\n","protected":false},"author":1,"featured_media":0,"parent":0,"menu_order":0,"comment_status":"closed","ping_status":"closed","template":"","meta":{"_et_pb_use_builder":"on","_et_pb_old_content":"","_et_gb_content_width":"","wp_typography_post_enhancements_disabled":false,"footnotes":""},"class_list":["post-1180","page","type-page","status-publish","hentry"],"_links":{"self":[{"href":"https:\/\/cstechnology.cz\/index.php\/wp-json\/wp\/v2\/pages\/1180","targetHints":{"allow":["GET"]}}],"collection":[{"href":"https:\/\/cstechnology.cz\/index.php\/wp-json\/wp\/v2\/pages"}],"about":[{"href":"https:\/\/cstechnology.cz\/index.php\/wp-json\/wp\/v2\/types\/page"}],"author":[{"embeddable":true,"href":"https:\/\/cstechnology.cz\/index.php\/wp-json\/wp\/v2\/users\/1"}],"replies":[{"embeddable":true,"href":"https:\/\/cstechnology.cz\/index.php\/wp-json\/wp\/v2\/comments?post=1180"}],"version-history":[{"count":8,"href":"https:\/\/cstechnology.cz\/index.php\/wp-json\/wp\/v2\/pages\/1180\/revisions"}],"predecessor-version":[{"id":1583,"href":"https:\/\/cstechnology.cz\/index.php\/wp-json\/wp\/v2\/pages\/1180\/revisions\/1583"}],"wp:attachment":[{"href":"https:\/\/cstechnology.cz\/index.php\/wp-json\/wp\/v2\/media?parent=1180"}],"curies":[{"name":"wp","href":"https:\/\/api.w.org\/{rel}","templated":true}]}}